{"id":37181,"date":"2025-10-11T05:25:16","date_gmt":"2025-10-11T05:25:16","guid":{"rendered":"https:\/\/deton-spareparts.com\/product\/excelente-sensor-de-nivel-de-oleo-2277271-para-caminhoes-scania-p-g-r-s-e-l\/"},"modified":"2026-04-19T07:11:42","modified_gmt":"2026-04-19T07:11:42","slug":"excelente-sensor-de-nivel-de-oleo-2277271-para-caminhoes-scania-p-g-r-s-e-l","status":"publish","type":"product","link":"https:\/\/deton-spareparts.com\/pt-br\/produto\/excelente-sensor-de-nivel-de-oleo-2277271-para-caminhoes-scania-p-g-r-s-e-l\/","title":{"rendered":"Excelente sensor de n\u00edvel de \u00f3leo 2277271 para caminh\u00f5es Scania P, G, R, S e L"},"content":{"rendered":"<div class=\"Y3BBE\" data-sfc-cp=\"\" data-hveid=\"CAEIAhAA\" data-processed=\"true\" data-complete=\"true\">\n<p>Os sensor de n\u00edvel de \u00f3leo 2277271 \u00e9 um componente de monitoramento de alta precis\u00e3o projetado para motores de caminh\u00f5es Scania de servi\u00e7o pesado. Esse sensor garante o bom funcionamento do motor, fornecendo dados em tempo real sobre os n\u00edveis e a temperatura do \u00f3leo, ajudando a prevenir danos ao motor e a manter o desempenho m\u00e1ximo. Fabricado com uma carca\u00e7a resistente de metal e pl\u00e1stico, foi projetado para suportar ambientes com alta vibra\u00e7\u00e3o e altas temperaturas (at\u00e9 105 \u00b0C), t\u00edpicos da opera\u00e7\u00e3o de ve\u00edculos comerciais.<\/p>\n<p>Traduzido com a vers\u00e3o gratuita do tradutor &#8211; DeepL.com<\/p>\n<\/div>\n<div class=\"Fsg96\" data-sfc-cp=\"\" data-complete=\"true\" data-processed=\"true\"><\/div>\n<div class=\"AdPoic\" role=\"heading\" aria-level=\"3\" data-animation-nesting=\"\" data-sfc-cp=\"\" data-processed=\"true\" data-sae=\"\" data-complete=\"true\"><strong class=\"Yjhzub\" data-complete=\"true\">Principais recursos<\/strong><\/div>\n<ul class=\"KsbFXc U6u95\" data-processed=\"true\" data-complete=\"true\">\n<li data-hveid=\"CAEIAxAA\" data-complete=\"true\" data-sae=\"\"><span class=\"T286Pc\" data-sfc-cp=\"\" data-complete=\"true\">Monitoramento de precis\u00e3o: fornece leituras precisas \u00e0 ECU do ve\u00edculo para garantir a seguran\u00e7a do motor.<\/span><\/li>\n<li data-hveid=\"CAEIAxAB\" data-complete=\"true\" data-sae=\"\"><span class=\"T286Pc\" data-sfc-cp=\"\" data-complete=\"true\">Substitui\u00e7\u00e3o direta do equipamento original: Projetado especificamente para substituir a pe\u00e7a com o n\u00famero de refer\u00eancia 2277271 sem necessidade de modifica\u00e7\u00f5es.<\/span><\/li>\n<li data-hveid=\"CAEIAxAC\" data-complete=\"true\" data-sae=\"\"><span class=\"T286Pc\" data-sfc-cp=\"\" data-complete=\"true\">Constru\u00e7\u00e3o robusta: resistente ao desgaste, \u00e0 corros\u00e3o e a temperaturas extremas, garantindo confiabilidade a longo prazo.<\/span><\/li>\n<li data-hveid=\"CAEIAxAD\" data-complete=\"true\" data-sae=\"\"><span class=\"T286Pc\" data-sfc-cp=\"\" data-complete=\"true\">Instala\u00e7\u00e3o Plug-and-Play: conectores padronizados para uma manuten\u00e7\u00e3o r\u00e1pida e f\u00e1cil.<\/span><\/li>\n<\/ul>\n<div class=\"Fsg96\" data-sfc-cp=\"\" data-complete=\"true\" data-processed=\"true\"><\/div>\n<div class=\"AdPoic\" role=\"heading\" aria-level=\"3\" data-animation-nesting=\"\" data-sfc-cp=\"\" data-processed=\"true\" data-sae=\"\" data-complete=\"true\"><strong class=\"Yjhzub\" data-complete=\"true\">Especifica\u00e7\u00f5es t\u00e9cnicas<\/strong><\/div>\n<ul class=\"KsbFXc U6u95\" data-complete=\"true\" data-processed=\"true\">\n<li data-hveid=\"CAEIBRAA\" data-complete=\"true\" data-sae=\"\"><span class=\"T286Pc\" data-sfc-cp=\"\" data-complete=\"true\">N\u00famero de pe\u00e7a do fabricante: 2277271<\/span><\/li>\n<li data-hveid=\"CAEIBRAB\" data-complete=\"true\" data-sae=\"\"><span class=\"T286Pc\" data-sfc-cp=\"\" data-complete=\"true\">N\u00fameros de refer\u00eancia equivalentes: 0615901, 2277273, 22471725, 2198278, 2270671<\/span><\/li>\n<li data-hveid=\"CAEIBRAC\" data-complete=\"true\" data-sae=\"\"><span class=\"T286Pc\" data-sfc-cp=\"\" data-complete=\"true\">Comprimento: 633 mm<\/span><\/li>\n<li data-hveid=\"CAEIBRAD\" data-complete=\"true\" data-sae=\"\"><span class=\"T286Pc\" data-sfc-cp=\"\" data-complete=\"true\">Peso: aprox. 147 g <\/span><\/li>\n<li data-hveid=\"CAEIBRAE\" data-complete=\"true\" data-sae=\"\"><span class=\"T286Pc\" data-sfc-cp=\"\" data-complete=\"true\">Di\u00e2metro do furo: 7 mm<\/span><\/li>\n<li data-hveid=\"CAEIBRAF\" data-complete=\"true\" data-sae=\"\"><span class=\"T286Pc\" data-sfc-cp=\"\" data-complete=\"true\">Conformidade: Em conformidade com as normas para motores Euro 6<\/span><\/li>\n<\/ul>\n<div class=\"Fsg96\" data-sfc-cp=\"\" data-complete=\"true\" data-processed=\"true\"><\/div>\n<div class=\"AdPoic\" role=\"heading\" aria-level=\"3\" data-animation-nesting=\"\" data-sfc-cp=\"\" data-complete=\"true\" data-processed=\"true\" data-sae=\"\"><strong class=\"Yjhzub\" data-complete=\"true\">Modelos de aplica\u00e7\u00e3o<\/strong><\/div>\n<div class=\"Y3BBE\" data-sfc-cp=\"\" data-hveid=\"CAEIBhAA\" data-processed=\"true\" data-complete=\"true\">Este sensor \u00e9 compat\u00edvel com uma ampla gama de caminh\u00f5es e \u00f4nibus Scania, principalmente aqueles equipados com motores DC9, DC13 e DC16.<\/div>\n<div class=\"Fsg96\" data-sfc-cp=\"\" data-processed=\"true\" data-complete=\"true\"><\/div>\n<div class=\"Fv6NCb\" data-sfc-cp=\"\" data-wiz-uids=\"sfNRz_2q\" data-ved=\"2ahUKEwj6n-GX2OKRAxV1KEQIHateGKwQ-q4QegYIAQgHEAA\" data-processed=\"true\" data-complete=\"true\">\n<p>Modelos\/motores espec\u00edficos<\/p>\n<table class=\"NRefec\" data-animation-nesting=\"\" data-complete=\"true\" data-sae=\"\">\n<tbody data-complete=\"true\">\n<tr class=\"cZCYO\" data-sfc-cp=\"\" data-complete=\"true\">\n<th class=\"iry6k\" colspan=\"undefined\" data-sfc-cp=\"\" data-complete=\"true\">S\u00e9rie de ve\u00edculos<\/th>\n<th class=\"iry6k\" colspan=\"undefined\" data-sfc-cp=\"\" data-complete=\"true\">Modelos\/motores espec\u00edficos<\/th>\n<\/tr>\n<tr class=\"cZCYO\" data-sfc-cp=\"\" data-complete=\"true\">\n<td class=\"cOeeGf\" colspan=\"undefined\" data-sfc-cp=\"\" data-complete=\"true\">Nova Gera\u00e7\u00e3o (NTG)<\/td>\n<td class=\"cOeeGf\" colspan=\"undefined\" data-sfc-cp=\"\" data-complete=\"true\">S\u00e9ries L, P, G, R, S<\/td>\n<\/tr>\n<tr class=\"cZCYO\" data-sfc-cp=\"\" data-complete=\"true\">\n<td class=\"cOeeGf\" colspan=\"undefined\" data-sfc-cp=\"\" data-complete=\"true\">S\u00e9rie PGRT<\/td>\n<td class=\"cOeeGf\" colspan=\"undefined\" data-sfc-cp=\"\" data-complete=\"true\">S\u00e9ries P, G, R e T<\/td>\n<\/tr>\n<tr class=\"cZCYO\" data-sfc-cp=\"\" data-complete=\"true\">\n<td class=\"cOeeGf\" colspan=\"undefined\" data-sfc-cp=\"\" data-complete=\"true\">\u00d4nibus e micro-\u00f4nibus<\/td>\n<td class=\"cOeeGf\" colspan=\"undefined\" data-sfc-cp=\"\" data-complete=\"true\">Irizar Century (2006\u2013), Citywide, OmniExpress<\/td>\n<\/tr>\n<tr class=\"cZCYO\" data-sfc-cp=\"\" data-complete=\"true\">\n<td class=\"cOeeGf\" colspan=\"undefined\" data-sfc-cp=\"\" data-complete=\"true\">Motores<\/td>\n<td class=\"cOeeGf\" colspan=\"undefined\" data-sfc-cp=\"\" data-complete=\"true\">DC9, DC13, DC16<\/td>\n<\/tr>\n<\/tbody>\n<\/table>\n<\/div>\n","protected":false},"excerpt":{"rendered":"<p>&nbsp;<\/p>\n<table>\n<tbody>\n<tr>\n<td>Garantia de qualidade<\/td>\n<td>M\u00ednimo de um ano<\/td>\n<\/tr>\n<tr>\n<td>Peso<\/td>\n<td>0,147 kg<\/td>\n<\/tr>\n<tr>\n<td>Comprimento do cabo<\/td>\n<td>633 mm<\/td>\n<\/tr>\n<tr>\n<td>Personaliza\u00e7\u00e3o da embalagem<\/td>\n<td>Dispon\u00edvel<\/td>\n<\/tr>\n<tr>\n<td>N\u00famero de pinos<\/td>\n<td>4<\/td>\n<\/tr>\n<tr>\n<td>Dist\u00e2ncia entre eixos [mm]<\/td>\n<td>55 mm<\/td>\n<\/tr>\n<\/tbody>\n<\/table>\n","protected":false},"featured_media":37182,"comment_status":"closed","ping_status":"closed","template":"","meta":[],"product_brand":[],"product_cat":[707],"product_tag":[708],"class_list":{"0":"post-37181","1":"product","2":"type-product","3":"status-publish","4":"has-post-thumbnail","6":"product_cat-veiculo-comercial","7":"product_tag-em-destaque","8":"pa_fit-for-scania","9":"pa_part-name-sensor-de-nivel-de-oleo","11":"first","12":"instock","13":"shipping-taxable","14":"purchasable","15":"product-type-simple"},"_links":{"self":[{"href":"https:\/\/deton-spareparts.com\/pt-br\/wp-json\/wp\/v2\/product\/37181","targetHints":{"allow":["GET"]}}],"collection":[{"href":"https:\/\/deton-spareparts.com\/pt-br\/wp-json\/wp\/v2\/product"}],"about":[{"href":"https:\/\/deton-spareparts.com\/pt-br\/wp-json\/wp\/v2\/types\/product"}],"replies":[{"embeddable":true,"href":"https:\/\/deton-spareparts.com\/pt-br\/wp-json\/wp\/v2\/comments?post=37181"}],"version-history":[{"count":5,"href":"https:\/\/deton-spareparts.com\/pt-br\/wp-json\/wp\/v2\/product\/37181\/revisions"}],"predecessor-version":[{"id":37189,"href":"https:\/\/deton-spareparts.com\/pt-br\/wp-json\/wp\/v2\/product\/37181\/revisions\/37189"}],"wp:featuredmedia":[{"embeddable":true,"href":"https:\/\/deton-spareparts.com\/pt-br\/wp-json\/wp\/v2\/media\/37182"}],"wp:attachment":[{"href":"https:\/\/deton-spareparts.com\/pt-br\/wp-json\/wp\/v2\/media?parent=37181"}],"wp:term":[{"taxonomy":"product_brand","embeddable":true,"href":"https:\/\/deton-spareparts.com\/pt-br\/wp-json\/wp\/v2\/product_brand?post=37181"},{"taxonomy":"product_cat","embeddable":true,"href":"https:\/\/deton-spareparts.com\/pt-br\/wp-json\/wp\/v2\/product_cat?post=37181"},{"taxonomy":"product_tag","embeddable":true,"href":"https:\/\/deton-spareparts.com\/pt-br\/wp-json\/wp\/v2\/product_tag?post=37181"}],"curies":[{"name":"wp","href":"https:\/\/api.w.org\/{rel}","templated":true}]}}