{"id":37262,"date":"2021-10-12T15:51:09","date_gmt":"2021-10-12T15:51:09","guid":{"rendered":"https:\/\/deton-spareparts.com\/o-nas\/"},"modified":"2026-04-26T06:00:19","modified_gmt":"2026-04-26T06:00:19","slug":"o-nas","status":"publish","type":"page","link":"https:\/\/deton-spareparts.com\/pl\/o-nas\/","title":{"rendered":"O nas"},"content":{"rendered":"\t\t<div data-elementor-type=\"wp-page\" data-elementor-id=\"37262\" class=\"elementor elementor-37262 elementor-4400\" data-elementor-post-type=\"page\">\n\t\t\t\t\t\t<section class=\"elementor-section elementor-top-section elementor-element elementor-element-1ff9a1f6 wd-section-stretch elementor-section-boxed elementor-section-height-default elementor-section-height-default\" data-id=\"1ff9a1f6\" data-element_type=\"section\" data-settings=\"{&quot;background_background&quot;:&quot;classic&quot;}\">\n\t\t\t\t\t\t<div class=\"elementor-container elementor-column-gap-default\">\n\t\t\t\t\t<div class=\"elementor-column elementor-col-50 elementor-top-column elementor-element elementor-element-36649dac\" data-id=\"36649dac\" data-element_type=\"column\">\n\t\t\t<div class=\"elementor-widget-wrap elementor-element-populated\">\n\t\t\t\t\t\t<div class=\"elementor-element elementor-element-34f6687d elementor-widget-tablet__width-initial wd-width-100 elementor-widget elementor-widget-wd_title\" data-id=\"34f6687d\" data-element_type=\"widget\" data-widget_type=\"wd_title.default\">\n\t\t\t\t<div class=\"elementor-widget-container\">\n\t\t\t\t\t\t\t<div class=\"title-wrapper set-mb-s reset-last-child wd-title-color-default wd-title-style-simple wd-title-size-default text-left\">\n\n\t\t\t\t\t\t\t<div class=\"title-subtitle subtitle-color-default subtitle-style-default wd-fontsize-xs\">\n\t\t\t\t\tKilka s\u0142\u00f3w o DETON\t\t\t\t<\/div>\n\t\t\t\n\t\t\t<div class=\"liner-continer\">\n\t\t\t\t<h3 class=\"woodmart-title-container title wd-fontsize-l\">Innowacje in\u017cynieryjne<br \/>\nDoskona\u0142o\u015b\u0107 produkcyjna<\/h3> \n\t\t\t\t\t\t\t<\/div>\n\n\t\t\t\t\t\t\t<div class=\"title-after_title set-cont-mb-s reset-last-child wd-fontsize-xs\">\n\t\t\t\t\t<p>Jako do\u015bwiadczony producent czujnik\u00f3w do pojazd\u00f3w u\u017cytkowych specjalizujemy si\u0119 w projektowaniu i wytwarzaniu precyzyjnych, wytrzyma\u0142ych czujnik\u00f3w, kt\u00f3re sprawdzaj\u0105 si\u0119 nawet w najbardziej wymagaj\u0105cych zastosowaniach. Dzi\u0119ki zaawansowanej technologii oraz do\u015bwiadczonemu zespo\u0142owi in\u017cynier\u00f3w gwarantujemy wyj\u0105tkow\u0105 jako\u015b\u0107 i niezawodno\u015b\u0107 naszych produkt\u00f3w. <\/p><p>Zadowolenie klient\u00f3w jest dla nas priorytetem. \u015aci\u015ble wsp\u00f3\u0142pracujemy z klientami, aby opracowywa\u0107 dostosowane do ich potrzeb rozwi\u0105zania w zakresie czujnik\u00f3w, kt\u00f3re poprawiaj\u0105 osi\u0105gi i bezpiecze\u0144stwo pojazd\u00f3w. Dzi\u0119ki ci\u0105g\u0142ym innowacjom pozostajemy w czo\u0142\u00f3wce bran\u017cy czujnik\u00f3w, dostarczaj\u0105c najnowocze\u015bniejsze produkty dla sektora motoryzacyjnego, transportowego i logistycznego.  <\/p><p>Mo\u017cesz na nas polega\u0107 \u2013 dostarczamy czujniki, kt\u00f3re przewy\u017cszaj\u0105 oczekiwania. Skontaktuj si\u0119 z nami ju\u017c dzi\u015b, aby dowiedzie\u0107 si\u0119, w jaki spos\u00f3b nasze rozwi\u0105zania mog\u0105 zaspokoi\u0107 Twoje potrzeby zwi\u0105zane z pojazdami u\u017cytkowymi. <\/p>\t\t\t\t<\/div>\n\t\t\t\t\t<\/div>\n\t\t\t\t\t\t<\/div>\n\t\t\t\t<\/div>\n\t\t\t\t\t<\/div>\n\t\t<\/div>\n\t\t\t\t<div class=\"elementor-column elementor-col-25 elementor-top-column elementor-element elementor-element-6e8a4b2\" data-id=\"6e8a4b2\" data-element_type=\"column\">\n\t\t\t<div class=\"elementor-widget-wrap elementor-element-populated\">\n\t\t\t\t\t\t<div class=\"elementor-element elementor-element-5df3026f elementor-widget-tablet__width-initial elementor-widget-mobile__width-initial elementor-widget elementor-widget-wd_image_or_svg\" data-id=\"5df3026f\" data-element_type=\"widget\" data-widget_type=\"wd_image_or_svg.default\">\n\t\t\t\t<div class=\"elementor-widget-container\">\n\t\t\t\t\t\n\t\t<div class=\"wd-image text-left\">\n\t\t\t\t\t\t\t\t<img fetchpriority=\"high\" decoding=\"async\" width=\"398\" height=\"270\" src=\"https:\/\/deton-spareparts.com\/wp-content\/uploads\/2025\/08\/about-1.jpg\" class=\"attachment-full size-full\" alt=\"\" srcset=\"https:\/\/deton-spareparts.com\/wp-content\/uploads\/2025\/08\/about-1.jpg 398w, https:\/\/deton-spareparts.com\/wp-content\/uploads\/2025\/08\/about-1-150x102.jpg 150w\" sizes=\"(max-width: 398px) 100vw, 398px\" title=\"\">\t\t\t\t\t<\/div>\n\n\t\t\t\t\t\t<\/div>\n\t\t\t\t<\/div>\n\t\t\t\t<div class=\"elementor-element elementor-element-130e6b2e elementor-widget-tablet__width-initial elementor-widget elementor-widget-wd_image_or_svg\" data-id=\"130e6b2e\" data-element_type=\"widget\" data-widget_type=\"wd_image_or_svg.default\">\n\t\t\t\t<div class=\"elementor-widget-container\">\n\t\t\t\t\t\n\t\t<div class=\"wd-image text-left\">\n\t\t\t\t\t\t\t\t<img decoding=\"async\" width=\"398\" height=\"420\" src=\"https:\/\/deton-spareparts.com\/wp-content\/uploads\/2025\/08\/about-2.jpg\" class=\"attachment-full size-full\" alt=\"\" srcset=\"https:\/\/deton-spareparts.com\/wp-content\/uploads\/2025\/08\/about-2.jpg 398w, https:\/\/deton-spareparts.com\/wp-content\/uploads\/2025\/08\/about-2-150x158.jpg 150w, https:\/\/deton-spareparts.com\/wp-content\/uploads\/2025\/08\/about-2-284x300.jpg 284w\" sizes=\"(max-width: 398px) 100vw, 398px\" title=\"\">\t\t\t\t\t<\/div>\n\n\t\t\t\t\t\t<\/div>\n\t\t\t\t<\/div>\n\t\t\t\t\t<\/div>\n\t\t<\/div>\n\t\t\t\t<div class=\"elementor-column elementor-col-25 elementor-top-column elementor-element elementor-element-34ff6d3e\" data-id=\"34ff6d3e\" data-element_type=\"column\">\n\t\t\t<div class=\"elementor-widget-wrap elementor-element-populated\">\n\t\t\t\t\t\t<section class=\"elementor-section elementor-inner-section elementor-element elementor-element-31781c78 elementor-section-boxed elementor-section-height-default elementor-section-height-default\" data-id=\"31781c78\" data-element_type=\"section\" data-settings=\"{&quot;background_background&quot;:&quot;classic&quot;}\">\n\t\t\t\t\t\t<div class=\"elementor-container elementor-column-gap-default\">\n\t\t\t\t\t<div class=\"elementor-column elementor-col-100 elementor-inner-column elementor-element elementor-element-673971f2\" data-id=\"673971f2\" data-element_type=\"column\">\n\t\t\t<div class=\"elementor-widget-wrap elementor-element-populated\">\n\t\t\t\t\t\t<div class=\"elementor-element elementor-element-0474a3f elementor-widget-tablet__width-initial elementor-widget elementor-widget-wd_infobox\" data-id=\"0474a3f\" data-element_type=\"widget\" data-widget_type=\"wd_infobox.default\">\n\t\t\t\t<div class=\"elementor-widget-container\">\n\t\t\t\t\t\t\t<div class=\"info-box-wrapper\">\n\t\t\t<div class=\"wd-info-box text-left box-icon-align-top box-style-base color-scheme-\">\n\t\t\t\t\t\t\t\t\t<div class=\"box-icon-wrapper  box-with-text text-size-default box-icon-simple\">\n\t\t\t\t\t\t<div class=\"info-box-icon\">\n\t\t\t\t\t\t\t\t\t\t\t\t\t\t\tWizja\t\t\t\t\t\t\t\t\t\t\t\t\t<\/div>\n\t\t\t\t\t<\/div>\n\t\t\t\t\n\t\t\t\t<div class=\"info-box-content\">\n\t\t\t\t\t\n\t\t\t\t\t\t\t\t\t\t\t<h4\t\t\t\t\t\tclass=\"info-box-title title box-title-style-default wd-fontsize-m\" data-elementor-setting-key=\"title\">\n\t\t\t\t\t\t\t\tPreferowany partner w zakresie czujnik\u00f3w o wysokiej niezawodno\u015bci na rynku cz\u0119\u015bci zamiennych do pojazd\u00f3w u\u017cytkowych\t\t\t\t\t\t<\/h4>\n\t\t\t\t\t\n\t\t\t\t\t<div class=\"info-box-inner set-cont-mb-s reset-last-child\"data-elementor-setting-key=\"content\"><\/div>\n\n\t\t\t\t\t\t\t\t\t<\/div>\n\n\t\t\t\t\t\t\t\t\t<a href=\"#\" class=\"wd-info-box-link wd-fill\" aria-label=\"Infobox link\"><\/a>\n\t\t\t\t\t\t\t<\/div>\n\t\t<\/div>\n\t\t\t\t\t\t<\/div>\n\t\t\t\t<\/div>\n\t\t\t\t\t<\/div>\n\t\t<\/div>\n\t\t\t\t\t<\/div>\n\t\t<\/section>\n\t\t\t\t<div class=\"elementor-element elementor-element-4d572b51 elementor-widget-tablet__width-initial elementor-hidden-tablet elementor-hidden-mobile elementor-widget elementor-widget-wd_image_or_svg\" data-id=\"4d572b51\" data-element_type=\"widget\" data-widget_type=\"wd_image_or_svg.default\">\n\t\t\t\t<div class=\"elementor-widget-container\">\n\t\t\t\t\t\n\t\t<div class=\"wd-image text-left\">\n\t\t\t\t\t\t\t\t<img decoding=\"async\" width=\"398\" height=\"270\" src=\"https:\/\/deton-spareparts.com\/wp-content\/uploads\/2025\/08\/about-3.jpg\" class=\"attachment-full size-full\" alt=\"\" srcset=\"https:\/\/deton-spareparts.com\/wp-content\/uploads\/2025\/08\/about-3.jpg 398w, https:\/\/deton-spareparts.com\/wp-content\/uploads\/2025\/08\/about-3-150x102.jpg 150w\" sizes=\"(max-width: 398px) 100vw, 398px\" title=\"\">\t\t\t\t\t<\/div>\n\n\t\t\t\t\t\t<\/div>\n\t\t\t\t<\/div>\n\t\t\t\t\t<\/div>\n\t\t<\/div>\n\t\t\t\t\t<\/div>\n\t\t<\/section>\n\t\t<div class=\"elementor-element elementor-element-da07e34 e-flex e-con-boxed e-con e-parent\" data-id=\"da07e34\" data-element_type=\"container\">\n\t\t\t\t\t<div class=\"e-con-inner\">\n\t\t<div class=\"elementor-element elementor-element-dd15499 e-con-full e-flex e-con e-child\" data-id=\"dd15499\" data-element_type=\"container\">\n\t\t<div class=\"elementor-element elementor-element-f01f25e e-con-full e-flex e-con e-child\" data-id=\"f01f25e\" data-element_type=\"container\">\n\t\t<div class=\"elementor-element elementor-element-5b5160e e-con-full e-flex e-con e-child\" data-id=\"5b5160e\" data-element_type=\"container\">\n\t\t\t\t<div class=\"elementor-element elementor-element-c5abc6d elementor-widget elementor-widget-wd_image_or_svg\" data-id=\"c5abc6d\" data-element_type=\"widget\" data-widget_type=\"wd_image_or_svg.default\">\n\t\t\t\t<div class=\"elementor-widget-container\">\n\t\t\t\t\t\n\t\t<div class=\"wd-image text-left\">\n\t\t\t\t\t\t\t\t<img loading=\"lazy\" decoding=\"async\" width=\"793\" height=\"1123\" src=\"https:\/\/deton-spareparts.com\/wp-content\/uploads\/2025\/09\/20240807152542\u8bc1\u4e66\u82f1\u6587Q\u5e26\u6807.jpg\" class=\"attachment-full size-full\" alt=\"\" srcset=\"https:\/\/deton-spareparts.com\/wp-content\/uploads\/2025\/09\/20240807152542\u8bc1\u4e66\u82f1\u6587Q\u5e26\u6807.jpg 793w, https:\/\/deton-spareparts.com\/wp-content\/uploads\/2025\/09\/20240807152542\u8bc1\u4e66\u82f1\u6587Q\u5e26\u6807-150x212.jpg 150w, https:\/\/deton-spareparts.com\/wp-content\/uploads\/2025\/09\/20240807152542\u8bc1\u4e66\u82f1\u6587Q\u5e26\u6807-700x991.jpg 700w, https:\/\/deton-spareparts.com\/wp-content\/uploads\/2025\/09\/20240807152542\u8bc1\u4e66\u82f1\u6587Q\u5e26\u6807-212x300.jpg 212w, https:\/\/deton-spareparts.com\/wp-content\/uploads\/2025\/09\/20240807152542\u8bc1\u4e66\u82f1\u6587Q\u5e26\u6807-565x800.jpg 565w, https:\/\/deton-spareparts.com\/wp-content\/uploads\/2025\/09\/20240807152542\u8bc1\u4e66\u82f1\u6587Q\u5e26\u6807-768x1088.jpg 768w\" sizes=\"(max-width: 793px) 100vw, 793px\" title=\"\">\t\t\t\t\t<\/div>\n\n\t\t\t\t\t\t<\/div>\n\t\t\t\t<\/div>\n\t\t\t\t<\/div>\n\t\t<div class=\"elementor-element elementor-element-c0dc82b e-con-full e-flex e-con e-child\" data-id=\"c0dc82b\" data-element_type=\"container\">\n\t\t\t\t<div class=\"elementor-element elementor-element-ce15119 elementor-widget elementor-widget-wd_image_or_svg\" data-id=\"ce15119\" data-element_type=\"widget\" data-widget_type=\"wd_image_or_svg.default\">\n\t\t\t\t<div class=\"elementor-widget-container\">\n\t\t\t\t\t\n\t\t<div class=\"wd-image text-left\">\n\t\t\t\t\t\t\t\t<img loading=\"lazy\" decoding=\"async\" width=\"794\" height=\"1123\" src=\"https:\/\/deton-spareparts.com\/wp-content\/uploads\/2025\/09\/2024218965323-\u82f1\u6587\u7248\u672c.jpg\" class=\"attachment-full size-full\" alt=\"\" srcset=\"https:\/\/deton-spareparts.com\/wp-content\/uploads\/2025\/09\/2024218965323-\u82f1\u6587\u7248\u672c.jpg 794w, https:\/\/deton-spareparts.com\/wp-content\/uploads\/2025\/09\/2024218965323-\u82f1\u6587\u7248\u672c-150x212.jpg 150w, https:\/\/deton-spareparts.com\/wp-content\/uploads\/2025\/09\/2024218965323-\u82f1\u6587\u7248\u672c-700x990.jpg 700w, https:\/\/deton-spareparts.com\/wp-content\/uploads\/2025\/09\/2024218965323-\u82f1\u6587\u7248\u672c-212x300.jpg 212w, https:\/\/deton-spareparts.com\/wp-content\/uploads\/2025\/09\/2024218965323-\u82f1\u6587\u7248\u672c-566x800.jpg 566w, https:\/\/deton-spareparts.com\/wp-content\/uploads\/2025\/09\/2024218965323-\u82f1\u6587\u7248\u672c-768x1086.jpg 768w\" sizes=\"(max-width: 794px) 100vw, 794px\" title=\"\">\t\t\t\t\t<\/div>\n\n\t\t\t\t\t\t<\/div>\n\t\t\t\t<\/div>\n\t\t\t\t<\/div>\n\t\t\t\t<\/div>\n\t\t\t\t<\/div>\n\t\t<div class=\"elementor-element elementor-element-cf5a558 e-con-full e-flex e-con e-child\" data-id=\"cf5a558\" data-element_type=\"container\">\n\t\t\t\t<div class=\"elementor-element elementor-element-5ae5cca elementor-widget elementor-widget-spacer\" data-id=\"5ae5cca\" data-element_type=\"widget\" data-widget_type=\"spacer.default\">\n\t\t\t\t<div class=\"elementor-widget-container\">\n\t\t\t\t\t\t\t<div class=\"elementor-spacer\">\n\t\t\t<div class=\"elementor-spacer-inner\"><\/div>\n\t\t<\/div>\n\t\t\t\t\t\t<\/div>\n\t\t\t\t<\/div>\n\t\t\t\t<div class=\"elementor-element elementor-element-7f835af wd-width-100 elementor-widget elementor-widget-wd_title\" data-id=\"7f835af\" data-element_type=\"widget\" data-widget_type=\"wd_title.default\">\n\t\t\t\t<div class=\"elementor-widget-container\">\n\t\t\t\t\t\t\t<div class=\"title-wrapper set-mb-s reset-last-child wd-title-color-default wd-title-style-image wd-title-size-default text-left\">\n\n\t\t\t\n\t\t\t<div class=\"liner-continer\">\n\t\t\t\t<h1 class=\"woodmart-title-container title wd-fontsize-l\"> Jako\u015b\u0107 przede wszystkim<br \/>\nStawiamy na innowacje<\/h1> \n\t\t\t\t\t\t\t<\/div>\n\n\t\t\t\t\t\t\t<div class=\"title-after_title set-cont-mb-s reset-last-child wd-fontsize-xs\">\n\t\t\t\t\t<p>Specjalizujemy si\u0119 w produkcji wysokiej jako\u015bci czujnik\u00f3w do samochod\u00f3w ci\u0119\u017carowych. Dzi\u0119ki naszemu zespo\u0142owi ekspert\u00f3w zapewniamy precyzj\u0119, trwa\u0142o\u015b\u0107 i innowacyjno\u015b\u0107 ka\u017cdego produktu. Mo\u017cesz na nas polega\u0107, je\u015bli chodzi o niezawodne rozwi\u0105zania zwi\u0119kszaj\u0105ce bezpiecze\u0144stwo i wydajno\u015b\u0107.  <\/p><p>Kszta\u0142tujemy przysz\u0142o\u015b\u0107 dzi\u0119ki jako\u015bci i technologii.<\/p>\t\t\t\t<\/div>\n\t\t\t\t\t<\/div>\n\t\t\t\t\t\t<\/div>\n\t\t\t\t<\/div>\n\t\t\t\t<\/div>\n\t\t\t\t\t<\/div>\n\t\t\t\t<\/div>\n\t\t<div class=\"elementor-element elementor-element-f168c0a e-flex e-con-boxed e-con e-parent\" data-id=\"f168c0a\" data-element_type=\"container\">\n\t\t\t\t\t<div class=\"e-con-inner\">\n\t\t<div class=\"elementor-element elementor-element-5642404 e-con-full e-flex e-con e-child\" data-id=\"5642404\" data-element_type=\"container\">\n\t\t\t\t<div class=\"elementor-element elementor-element-6cf5219 wd-width-100 elementor-widget elementor-widget-wd_video\" data-id=\"6cf5219\" data-element_type=\"widget\" data-widget_type=\"wd_video.default\">\n\t\t\t\t<div class=\"elementor-widget-container\">\n\t\t\t\t\t\n\t\t<div class=\"wd-el-video wd-action-overlay wd-video-hosted wd-with-aspect-ratio\">\n\t\t\t\t\t\t\t<video data-lazy-load=\"http:\/\/deton-spareparts.com\/wp-content\/uploads\/2025\/09\/DETON-sensor-720p1.mp4\" playsinline muted controls><\/video>\t\t\t\n\t\t\t\n\t\t\t\n\t\t\t\t\t\t\t<div class=\"wd-el-video-overlay wd-fill\">\n\t\t\t\t\t<img loading=\"lazy\" decoding=\"async\" width=\"1296\" height=\"740\" src=\"https:\/\/deton-spareparts.com\/wp-content\/uploads\/2025\/09\/2025-09-20_19-07-37.jpg\" class=\"attachment-full size-full\" alt=\"\" title=\"\">\t\t\t\t<\/div>\n\t\t\t\t<div class=\"wd-el-video-control color-scheme-light wd-fill\">\n\t\t\t\t\t<span class=\"wd-el-video-play-btn\"><\/span>\n\t\t\t\t\t\t\t\t\t<\/div>\n\n\t\t\t\t<a class=\"wd-el-video-link wd-el-video-btn-overlay wd-fill wd-el-video-hosted\" href=\"#6a034041eef22\"><\/a>\n\t\t\t\t\t<\/div>\n\t\t\t\t\t\t<\/div>\n\t\t\t\t<\/div>\n\t\t\t\t<div class=\"elementor-element elementor-element-3cc9380 wd-width-100 elementor-widget elementor-widget-wd_title\" data-id=\"3cc9380\" data-element_type=\"widget\" data-widget_type=\"wd_title.default\">\n\t\t\t\t<div class=\"elementor-widget-container\">\n\t\t\t\t\t\t\t<div class=\"title-wrapper set-mb-s reset-last-child wd-title-color-default wd-title-style-default wd-title-size-default text-left\">\n\n\t\t\t\n\t\t\t<div class=\"liner-continer\">\n\t\t\t\t<h4 class=\"woodmart-title-container title wd-fontsize-l\"> Kr\u00f3tka prezentacja naszej firmy<\/h4> \n\t\t\t\t\t\t\t<\/div>\n\n\t\t\t\t\t<\/div>\n\t\t\t\t\t\t<\/div>\n\t\t\t\t<\/div>\n\t\t\t\t<\/div>\n\t\t<div class=\"elementor-element elementor-element-b67633c e-con-full e-flex e-con e-child\" data-id=\"b67633c\" data-element_type=\"container\">\n\t\t\t\t<div class=\"elementor-element elementor-element-fbc0b44 wd-width-100 elementor-widget elementor-widget-wd_video\" data-id=\"fbc0b44\" data-element_type=\"widget\" data-widget_type=\"wd_video.default\">\n\t\t\t\t<div class=\"elementor-widget-container\">\n\t\t\t\t\t\n\t\t<div class=\"wd-el-video wd-action-overlay wd-video-hosted wd-with-aspect-ratio\">\n\t\t\t\t\t\t\t<video data-lazy-load=\"http:\/\/deton-spareparts.com\/wp-content\/uploads\/2025\/09\/2024\u4e0a\u6d77\u6cd5\u5170\u514b\u798f\u5c55-\u5c0f\u77ed\u7247.mp4\" playsinline muted controls><\/video>\t\t\t\n\t\t\t\n\t\t\t\n\t\t\t\t\t\t\t<div class=\"wd-el-video-overlay wd-fill\">\n\t\t\t\t\t<img loading=\"lazy\" decoding=\"async\" width=\"1102\" height=\"701\" src=\"https:\/\/deton-spareparts.com\/wp-content\/uploads\/2025\/09\/2025-09-20_19-44-45.jpg\" class=\"attachment-full size-full\" alt=\"\" title=\"\">\t\t\t\t<\/div>\n\t\t\t\t<div class=\"wd-el-video-control color-scheme-light wd-fill\">\n\t\t\t\t\t<span class=\"wd-el-video-play-btn\"><\/span>\n\t\t\t\t\t\t\t\t\t<\/div>\n\n\t\t\t\t<a class=\"wd-el-video-link wd-el-video-btn-overlay wd-fill wd-el-video-hosted\" href=\"#6a034041f02cd\"><\/a>\n\t\t\t\t\t<\/div>\n\t\t\t\t\t\t<\/div>\n\t\t\t\t<\/div>\n\t\t\t\t<div class=\"elementor-element elementor-element-5fcf642 wd-width-100 elementor-widget elementor-widget-wd_title\" data-id=\"5fcf642\" data-element_type=\"widget\" data-widget_type=\"wd_title.default\">\n\t\t\t\t<div class=\"elementor-widget-container\">\n\t\t\t\t\t\t\t<div class=\"title-wrapper set-mb-s reset-last-child wd-title-color-default wd-title-style-default wd-title-size-default text-left\">\n\n\t\t\t\n\t\t\t<div class=\"liner-continer\">\n\t\t\t\t<h4 class=\"woodmart-title-container title wd-fontsize-l\">Zapraszamy do obejrzenia naszej wystawy<\/h4> \n\t\t\t\t\t\t\t<\/div>\n\n\t\t\t\t\t<\/div>\n\t\t\t\t\t\t<\/div>\n\t\t\t\t<\/div>\n\t\t\t\t<\/div>\n\t\t\t\t\t<\/div>\n\t\t\t\t<\/div>\n\t\t\t\t<\/div>\n\t\t","protected":false},"excerpt":{"rendered":"<p>Kilka s\u0142\u00f3w o DETON Innowacje in\u017cynieryjne Doskona\u0142o\u015b\u0107 produkcyjna Jako do\u015bwiadczony producent czujnik\u00f3w do pojazd\u00f3w u\u017cytkowych specjalizujemy si\u0119 w projektowaniu i<\/p>\n","protected":false},"author":9,"featured_media":0,"parent":0,"menu_order":0,"comment_status":"closed","ping_status":"closed","template":"","meta":{"footnotes":""},"class_list":["post-37262","page","type-page","status-publish","hentry"],"_links":{"self":[{"href":"https:\/\/deton-spareparts.com\/pl\/wp-json\/wp\/v2\/pages\/37262","targetHints":{"allow":["GET"]}}],"collection":[{"href":"https:\/\/deton-spareparts.com\/pl\/wp-json\/wp\/v2\/pages"}],"about":[{"href":"https:\/\/deton-spareparts.com\/pl\/wp-json\/wp\/v2\/types\/page"}],"author":[{"embeddable":true,"href":"https:\/\/deton-spareparts.com\/pl\/wp-json\/wp\/v2\/users\/9"}],"replies":[{"embeddable":true,"href":"https:\/\/deton-spareparts.com\/pl\/wp-json\/wp\/v2\/comments?post=37262"}],"version-history":[{"count":1,"href":"https:\/\/deton-spareparts.com\/pl\/wp-json\/wp\/v2\/pages\/37262\/revisions"}],"predecessor-version":[{"id":37280,"href":"https:\/\/deton-spareparts.com\/pl\/wp-json\/wp\/v2\/pages\/37262\/revisions\/37280"}],"wp:attachment":[{"href":"https:\/\/deton-spareparts.com\/pl\/wp-json\/wp\/v2\/media?parent=37262"}],"curies":[{"name":"wp","href":"https:\/\/api.w.org\/{rel}","templated":true}]}}