{"id":37338,"date":"2021-10-12T15:51:09","date_gmt":"2021-10-12T15:51:09","guid":{"rendered":"https:\/\/deton-spareparts.com\/quienes-somos\/"},"modified":"2026-05-11T10:51:29","modified_gmt":"2026-05-11T10:51:29","slug":"quienes-somos","status":"publish","type":"page","link":"https:\/\/deton-spareparts.com\/es\/quienes-somos\/","title":{"rendered":"Qui\u00e9nes somos"},"content":{"rendered":"\t\t<div data-elementor-type=\"wp-page\" data-elementor-id=\"37338\" class=\"elementor elementor-37338 elementor-4400\" data-elementor-post-type=\"page\">\n\t\t\t\t\t\t<section class=\"elementor-section elementor-top-section elementor-element elementor-element-1ff9a1f6 wd-section-stretch elementor-section-boxed elementor-section-height-default elementor-section-height-default\" data-id=\"1ff9a1f6\" data-element_type=\"section\" data-settings=\"{&quot;background_background&quot;:&quot;classic&quot;}\">\n\t\t\t\t\t\t<div class=\"elementor-container elementor-column-gap-default\">\n\t\t\t\t\t<div class=\"elementor-column elementor-col-50 elementor-top-column elementor-element elementor-element-36649dac\" data-id=\"36649dac\" data-element_type=\"column\">\n\t\t\t<div class=\"elementor-widget-wrap elementor-element-populated\">\n\t\t\t\t\t\t<div class=\"elementor-element elementor-element-34f6687d elementor-widget-tablet__width-initial wd-width-100 elementor-widget elementor-widget-wd_title\" data-id=\"34f6687d\" data-element_type=\"widget\" data-widget_type=\"wd_title.default\">\n\t\t\t\t<div class=\"elementor-widget-container\">\n\t\t\t\t\t\t\t<div class=\"title-wrapper set-mb-s reset-last-child wd-title-color-default wd-title-style-simple wd-title-size-default text-left\">\n\n\t\t\t\t\t\t\t<div class=\"title-subtitle subtitle-color-default subtitle-style-default wd-fontsize-xs\">\n\t\t\t\t\tUnas palabras sobre DETON\t\t\t\t<\/div>\n\t\t\t\n\t\t\t<div class=\"liner-continer\">\n\t\t\t\t<h3 class=\"woodmart-title-container title wd-fontsize-l\">Innovaci\u00f3n en ingenier\u00eda<br \/>\nExcelencia en la fabricaci\u00f3n<\/h3> \n\t\t\t\t\t\t\t<\/div>\n\n\t\t\t\t\t\t\t<div class=\"title-after_title set-cont-mb-s reset-last-child wd-fontsize-xs\">\n\t\t\t\t\t<p>Como fabricante con amplia experiencia en sensores para veh\u00edculos comerciales, nos especializamos en el dise\u00f1o y la producci\u00f3n de sensores de alta precisi\u00f3n y gran durabilidad que satisfacen las aplicaciones m\u00e1s exigentes. Gracias a nuestra tecnolog\u00eda de vanguardia y a un equipo de ingenieros con amplia experiencia, garantizamos una calidad y fiabilidad excepcionales en nuestros productos.<\/p><p>La satisfacci\u00f3n del cliente es nuestra prioridad. Colaboramos estrechamente con nuestros clientes para desarrollar soluciones de sensores a medida que mejoran el rendimiento y la seguridad de los veh\u00edculos. Gracias a nuestra innovaci\u00f3n constante, nos mantenemos a la vanguardia de la tecnolog\u00eda de sensores y ofrecemos productos de \u00faltima generaci\u00f3n para los sectores automotriz, del transporte y de la log\u00edstica.<\/p><p>Conf\u00ede en nosotros para obtener sensores que superen sus expectativas. Cont\u00e1ctenos hoy mismo para descubrir c\u00f3mo nuestras soluciones pueden satisfacer sus necesidades en materia de veh\u00edculos comerciales.<\/p>\t\t\t\t<\/div>\n\t\t\t\t\t<\/div>\n\t\t\t\t\t\t<\/div>\n\t\t\t\t<\/div>\n\t\t\t\t\t<\/div>\n\t\t<\/div>\n\t\t\t\t<div class=\"elementor-column elementor-col-25 elementor-top-column elementor-element elementor-element-6e8a4b2\" data-id=\"6e8a4b2\" data-element_type=\"column\">\n\t\t\t<div class=\"elementor-widget-wrap elementor-element-populated\">\n\t\t\t\t\t\t<div class=\"elementor-element elementor-element-5df3026f elementor-widget-tablet__width-initial elementor-widget-mobile__width-initial elementor-widget elementor-widget-wd_image_or_svg\" data-id=\"5df3026f\" data-element_type=\"widget\" data-widget_type=\"wd_image_or_svg.default\">\n\t\t\t\t<div class=\"elementor-widget-container\">\n\t\t\t\t\t\n\t\t<div class=\"wd-image text-left\">\n\t\t\t\t\t\t\t\t<img fetchpriority=\"high\" decoding=\"async\" width=\"398\" height=\"270\" src=\"https:\/\/deton-spareparts.com\/wp-content\/uploads\/2025\/08\/about-1.jpg\" class=\"attachment-full size-full\" alt=\"\" srcset=\"https:\/\/deton-spareparts.com\/wp-content\/uploads\/2025\/08\/about-1.jpg 398w, https:\/\/deton-spareparts.com\/wp-content\/uploads\/2025\/08\/about-1-150x102.jpg 150w\" sizes=\"(max-width: 398px) 100vw, 398px\" title=\"\">\t\t\t\t\t<\/div>\n\n\t\t\t\t\t\t<\/div>\n\t\t\t\t<\/div>\n\t\t\t\t<div class=\"elementor-element elementor-element-130e6b2e elementor-widget-tablet__width-initial elementor-widget elementor-widget-wd_image_or_svg\" data-id=\"130e6b2e\" data-element_type=\"widget\" data-widget_type=\"wd_image_or_svg.default\">\n\t\t\t\t<div class=\"elementor-widget-container\">\n\t\t\t\t\t\n\t\t<div class=\"wd-image text-left\">\n\t\t\t\t\t\t\t\t<img decoding=\"async\" width=\"398\" height=\"420\" src=\"https:\/\/deton-spareparts.com\/wp-content\/uploads\/2025\/08\/about-2.jpg\" class=\"attachment-full size-full\" alt=\"\" srcset=\"https:\/\/deton-spareparts.com\/wp-content\/uploads\/2025\/08\/about-2.jpg 398w, https:\/\/deton-spareparts.com\/wp-content\/uploads\/2025\/08\/about-2-150x158.jpg 150w, https:\/\/deton-spareparts.com\/wp-content\/uploads\/2025\/08\/about-2-284x300.jpg 284w\" sizes=\"(max-width: 398px) 100vw, 398px\" title=\"\">\t\t\t\t\t<\/div>\n\n\t\t\t\t\t\t<\/div>\n\t\t\t\t<\/div>\n\t\t\t\t\t<\/div>\n\t\t<\/div>\n\t\t\t\t<div class=\"elementor-column elementor-col-25 elementor-top-column elementor-element elementor-element-34ff6d3e\" data-id=\"34ff6d3e\" data-element_type=\"column\">\n\t\t\t<div class=\"elementor-widget-wrap elementor-element-populated\">\n\t\t\t\t\t\t<section class=\"elementor-section elementor-inner-section elementor-element elementor-element-31781c78 elementor-section-boxed elementor-section-height-default elementor-section-height-default\" data-id=\"31781c78\" data-element_type=\"section\" data-settings=\"{&quot;background_background&quot;:&quot;classic&quot;}\">\n\t\t\t\t\t\t<div class=\"elementor-container elementor-column-gap-default\">\n\t\t\t\t\t<div class=\"elementor-column elementor-col-100 elementor-inner-column elementor-element elementor-element-673971f2\" data-id=\"673971f2\" data-element_type=\"column\">\n\t\t\t<div class=\"elementor-widget-wrap elementor-element-populated\">\n\t\t\t\t\t\t<div class=\"elementor-element elementor-element-0474a3f elementor-widget-tablet__width-initial elementor-widget elementor-widget-wd_infobox\" data-id=\"0474a3f\" data-element_type=\"widget\" data-widget_type=\"wd_infobox.default\">\n\t\t\t\t<div class=\"elementor-widget-container\">\n\t\t\t\t\t\t\t<div class=\"info-box-wrapper\">\n\t\t\t<div class=\"wd-info-box text-left box-icon-align-top box-style-base color-scheme-\">\n\t\t\t\t\t\t\t\t\t<div class=\"box-icon-wrapper  box-with-text text-size-default box-icon-simple\">\n\t\t\t\t\t\t<div class=\"info-box-icon\">\n\t\t\t\t\t\t\t\t\t\t\t\t\t\t\tVisi\u00f3n\t\t\t\t\t\t\t\t\t\t\t\t\t<\/div>\n\t\t\t\t\t<\/div>\n\t\t\t\t\n\t\t\t\t<div class=\"info-box-content\">\n\t\t\t\t\t\n\t\t\t\t\t\t\t\t\t\t\t<h4\t\t\t\t\t\tclass=\"info-box-title title box-title-style-default wd-fontsize-m\" data-elementor-setting-key=\"title\">\n\t\t\t\t\t\t\t\tEl socio de referencia para sensores de alta fiabilidad en el mercado de recambios para veh\u00edculos comerciales\t\t\t\t\t\t<\/h4>\n\t\t\t\t\t\n\t\t\t\t\t<div class=\"info-box-inner set-cont-mb-s reset-last-child\"data-elementor-setting-key=\"content\"><\/div>\n\n\t\t\t\t\t\t\t\t\t<\/div>\n\n\t\t\t\t\t\t\t\t\t<a href=\"#\" class=\"wd-info-box-link wd-fill\" aria-label=\"Infobox link\"><\/a>\n\t\t\t\t\t\t\t<\/div>\n\t\t<\/div>\n\t\t\t\t\t\t<\/div>\n\t\t\t\t<\/div>\n\t\t\t\t\t<\/div>\n\t\t<\/div>\n\t\t\t\t\t<\/div>\n\t\t<\/section>\n\t\t\t\t<div class=\"elementor-element elementor-element-4d572b51 elementor-widget-tablet__width-initial elementor-hidden-tablet elementor-hidden-mobile elementor-widget elementor-widget-wd_image_or_svg\" data-id=\"4d572b51\" data-element_type=\"widget\" data-widget_type=\"wd_image_or_svg.default\">\n\t\t\t\t<div class=\"elementor-widget-container\">\n\t\t\t\t\t\n\t\t<div class=\"wd-image text-left\">\n\t\t\t\t\t\t\t\t<img decoding=\"async\" width=\"398\" height=\"270\" src=\"https:\/\/deton-spareparts.com\/wp-content\/uploads\/2025\/08\/about-3.jpg\" class=\"attachment-full size-full\" alt=\"\" srcset=\"https:\/\/deton-spareparts.com\/wp-content\/uploads\/2025\/08\/about-3.jpg 398w, https:\/\/deton-spareparts.com\/wp-content\/uploads\/2025\/08\/about-3-150x102.jpg 150w\" sizes=\"(max-width: 398px) 100vw, 398px\" title=\"\">\t\t\t\t\t<\/div>\n\n\t\t\t\t\t\t<\/div>\n\t\t\t\t<\/div>\n\t\t\t\t\t<\/div>\n\t\t<\/div>\n\t\t\t\t\t<\/div>\n\t\t<\/section>\n\t\t<div class=\"elementor-element elementor-element-da07e34 e-flex e-con-boxed e-con e-parent\" data-id=\"da07e34\" data-element_type=\"container\">\n\t\t\t\t\t<div class=\"e-con-inner\">\n\t\t<div class=\"elementor-element elementor-element-dd15499 e-con-full e-flex e-con e-child\" data-id=\"dd15499\" data-element_type=\"container\">\n\t\t<div class=\"elementor-element elementor-element-f01f25e e-con-full e-flex e-con e-child\" data-id=\"f01f25e\" data-element_type=\"container\">\n\t\t<div class=\"elementor-element elementor-element-5b5160e e-con-full e-flex e-con e-child\" data-id=\"5b5160e\" data-element_type=\"container\">\n\t\t\t\t<div class=\"elementor-element elementor-element-c5abc6d elementor-widget elementor-widget-wd_image_or_svg\" data-id=\"c5abc6d\" data-element_type=\"widget\" data-widget_type=\"wd_image_or_svg.default\">\n\t\t\t\t<div class=\"elementor-widget-container\">\n\t\t\t\t\t\n\t\t<div class=\"wd-image text-left\">\n\t\t\t\t\t\t\t\t<img loading=\"lazy\" decoding=\"async\" width=\"793\" height=\"1123\" src=\"https:\/\/deton-spareparts.com\/wp-content\/uploads\/2025\/09\/20240807152542\u8bc1\u4e66\u82f1\u6587Q\u5e26\u6807.jpg\" class=\"attachment-full size-full\" alt=\"\" srcset=\"https:\/\/deton-spareparts.com\/wp-content\/uploads\/2025\/09\/20240807152542\u8bc1\u4e66\u82f1\u6587Q\u5e26\u6807.jpg 793w, https:\/\/deton-spareparts.com\/wp-content\/uploads\/2025\/09\/20240807152542\u8bc1\u4e66\u82f1\u6587Q\u5e26\u6807-150x212.jpg 150w, https:\/\/deton-spareparts.com\/wp-content\/uploads\/2025\/09\/20240807152542\u8bc1\u4e66\u82f1\u6587Q\u5e26\u6807-700x991.jpg 700w, https:\/\/deton-spareparts.com\/wp-content\/uploads\/2025\/09\/20240807152542\u8bc1\u4e66\u82f1\u6587Q\u5e26\u6807-212x300.jpg 212w, https:\/\/deton-spareparts.com\/wp-content\/uploads\/2025\/09\/20240807152542\u8bc1\u4e66\u82f1\u6587Q\u5e26\u6807-565x800.jpg 565w, https:\/\/deton-spareparts.com\/wp-content\/uploads\/2025\/09\/20240807152542\u8bc1\u4e66\u82f1\u6587Q\u5e26\u6807-768x1088.jpg 768w\" sizes=\"(max-width: 793px) 100vw, 793px\" title=\"\">\t\t\t\t\t<\/div>\n\n\t\t\t\t\t\t<\/div>\n\t\t\t\t<\/div>\n\t\t\t\t<\/div>\n\t\t<div class=\"elementor-element elementor-element-c0dc82b e-con-full e-flex e-con e-child\" data-id=\"c0dc82b\" data-element_type=\"container\">\n\t\t\t\t<div class=\"elementor-element elementor-element-ce15119 elementor-widget elementor-widget-wd_image_or_svg\" data-id=\"ce15119\" data-element_type=\"widget\" data-widget_type=\"wd_image_or_svg.default\">\n\t\t\t\t<div class=\"elementor-widget-container\">\n\t\t\t\t\t\n\t\t<div class=\"wd-image text-left\">\n\t\t\t\t\t\t\t\t<img loading=\"lazy\" decoding=\"async\" width=\"794\" height=\"1123\" src=\"https:\/\/deton-spareparts.com\/wp-content\/uploads\/2025\/09\/2024218965323-\u82f1\u6587\u7248\u672c.jpg\" class=\"attachment-full size-full\" alt=\"\" srcset=\"https:\/\/deton-spareparts.com\/wp-content\/uploads\/2025\/09\/2024218965323-\u82f1\u6587\u7248\u672c.jpg 794w, https:\/\/deton-spareparts.com\/wp-content\/uploads\/2025\/09\/2024218965323-\u82f1\u6587\u7248\u672c-150x212.jpg 150w, https:\/\/deton-spareparts.com\/wp-content\/uploads\/2025\/09\/2024218965323-\u82f1\u6587\u7248\u672c-700x990.jpg 700w, https:\/\/deton-spareparts.com\/wp-content\/uploads\/2025\/09\/2024218965323-\u82f1\u6587\u7248\u672c-212x300.jpg 212w, https:\/\/deton-spareparts.com\/wp-content\/uploads\/2025\/09\/2024218965323-\u82f1\u6587\u7248\u672c-566x800.jpg 566w, https:\/\/deton-spareparts.com\/wp-content\/uploads\/2025\/09\/2024218965323-\u82f1\u6587\u7248\u672c-768x1086.jpg 768w\" sizes=\"(max-width: 794px) 100vw, 794px\" title=\"\">\t\t\t\t\t<\/div>\n\n\t\t\t\t\t\t<\/div>\n\t\t\t\t<\/div>\n\t\t\t\t<\/div>\n\t\t\t\t<\/div>\n\t\t\t\t<\/div>\n\t\t<div class=\"elementor-element elementor-element-cf5a558 e-con-full e-flex e-con e-child\" data-id=\"cf5a558\" data-element_type=\"container\">\n\t\t\t\t<div class=\"elementor-element elementor-element-5ae5cca elementor-widget elementor-widget-spacer\" data-id=\"5ae5cca\" data-element_type=\"widget\" data-widget_type=\"spacer.default\">\n\t\t\t\t<div class=\"elementor-widget-container\">\n\t\t\t\t\t\t\t<div class=\"elementor-spacer\">\n\t\t\t<div class=\"elementor-spacer-inner\"><\/div>\n\t\t<\/div>\n\t\t\t\t\t\t<\/div>\n\t\t\t\t<\/div>\n\t\t\t\t<div class=\"elementor-element elementor-element-7f835af wd-width-100 elementor-widget elementor-widget-wd_title\" data-id=\"7f835af\" data-element_type=\"widget\" data-widget_type=\"wd_title.default\">\n\t\t\t\t<div class=\"elementor-widget-container\">\n\t\t\t\t\t\t\t<div class=\"title-wrapper set-mb-s reset-last-child wd-title-color-default wd-title-style-image wd-title-size-default text-left\">\n\n\t\t\t\n\t\t\t<div class=\"liner-continer\">\n\t\t\t\t<h1 class=\"woodmart-title-container title wd-fontsize-l\"> La calidad es lo primero<br \/>\nApuesta por la innovaci\u00f3n<\/h1> \n\t\t\t\t\t\t\t<\/div>\n\n\t\t\t\t\t\t\t<div class=\"title-after_title set-cont-mb-s reset-last-child wd-fontsize-xs\">\n\t\t\t\t\t<p>Nos especializamos en sensores de alta calidad para camiones comerciales. Gracias a nuestro equipo especializado de expertos, garantizamos precisi\u00f3n, durabilidad e innovaci\u00f3n en cada producto. Conf\u00ede en nosotros para obtener soluciones fiables que mejoren la seguridad y el rendimiento.<\/p><p>Impulsando el futuro con calidad y tecnolog\u00eda.<\/p>\t\t\t\t<\/div>\n\t\t\t\t\t<\/div>\n\t\t\t\t\t\t<\/div>\n\t\t\t\t<\/div>\n\t\t\t\t<\/div>\n\t\t\t\t\t<\/div>\n\t\t\t\t<\/div>\n\t\t<div class=\"elementor-element elementor-element-f168c0a e-flex e-con-boxed e-con e-parent\" data-id=\"f168c0a\" data-element_type=\"container\">\n\t\t\t\t\t<div class=\"e-con-inner\">\n\t\t<div class=\"elementor-element elementor-element-5642404 e-con-full e-flex e-con e-child\" data-id=\"5642404\" data-element_type=\"container\">\n\t\t\t\t<div class=\"elementor-element elementor-element-6cf5219 wd-width-100 elementor-widget elementor-widget-wd_video\" data-id=\"6cf5219\" data-element_type=\"widget\" data-widget_type=\"wd_video.default\">\n\t\t\t\t<div class=\"elementor-widget-container\">\n\t\t\t\t\t\n\t\t<div class=\"wd-el-video wd-action-overlay wd-video-hosted wd-with-aspect-ratio\">\n\t\t\t\t\t\t\t<video data-lazy-load=\"http:\/\/deton-spareparts.com\/wp-content\/uploads\/2025\/09\/DETON-sensor-720p1.mp4\" playsinline muted controls><\/video>\t\t\t\n\t\t\t\n\t\t\t\n\t\t\t\t\t\t\t<div class=\"wd-el-video-overlay wd-fill\">\n\t\t\t\t\t<img loading=\"lazy\" decoding=\"async\" width=\"1296\" height=\"740\" src=\"https:\/\/deton-spareparts.com\/wp-content\/uploads\/2025\/09\/2025-09-20_19-07-37.jpg\" class=\"attachment-full size-full\" alt=\"\" title=\"\">\t\t\t\t<\/div>\n\t\t\t\t<div class=\"wd-el-video-control color-scheme-light wd-fill\">\n\t\t\t\t\t<span class=\"wd-el-video-play-btn\"><\/span>\n\t\t\t\t\t\t\t\t\t<\/div>\n\n\t\t\t\t<a class=\"wd-el-video-link wd-el-video-btn-overlay wd-fill wd-el-video-hosted\" href=\"#6a033cf7b7100\"><\/a>\n\t\t\t\t\t<\/div>\n\t\t\t\t\t\t<\/div>\n\t\t\t\t<\/div>\n\t\t\t\t<div class=\"elementor-element elementor-element-3cc9380 wd-width-100 elementor-widget elementor-widget-wd_title\" data-id=\"3cc9380\" data-element_type=\"widget\" data-widget_type=\"wd_title.default\">\n\t\t\t\t<div class=\"elementor-widget-container\">\n\t\t\t\t\t\t\t<div class=\"title-wrapper set-mb-s reset-last-child wd-title-color-default wd-title-style-default wd-title-size-default text-left\">\n\n\t\t\t\n\t\t\t<div class=\"liner-continer\">\n\t\t\t\t<h4 class=\"woodmart-title-container title wd-fontsize-l\"> Breve presentaci\u00f3n de nuestra empresa<\/h4> \n\t\t\t\t\t\t\t<\/div>\n\n\t\t\t\t\t<\/div>\n\t\t\t\t\t\t<\/div>\n\t\t\t\t<\/div>\n\t\t\t\t<\/div>\n\t\t<div class=\"elementor-element elementor-element-b67633c e-con-full e-flex e-con e-child\" data-id=\"b67633c\" data-element_type=\"container\">\n\t\t\t\t<div class=\"elementor-element elementor-element-fbc0b44 wd-width-100 elementor-widget elementor-widget-wd_video\" data-id=\"fbc0b44\" data-element_type=\"widget\" data-widget_type=\"wd_video.default\">\n\t\t\t\t<div class=\"elementor-widget-container\">\n\t\t\t\t\t\n\t\t<div class=\"wd-el-video wd-action-overlay wd-video-hosted wd-with-aspect-ratio\">\n\t\t\t\t\t\t\t<video data-lazy-load=\"http:\/\/deton-spareparts.com\/wp-content\/uploads\/2025\/09\/2024\u4e0a\u6d77\u6cd5\u5170\u514b\u798f\u5c55-\u5c0f\u77ed\u7247.mp4\" playsinline muted controls><\/video>\t\t\t\n\t\t\t\n\t\t\t\n\t\t\t\t\t\t\t<div class=\"wd-el-video-overlay wd-fill\">\n\t\t\t\t\t<img loading=\"lazy\" decoding=\"async\" width=\"1102\" height=\"701\" src=\"https:\/\/deton-spareparts.com\/wp-content\/uploads\/2025\/09\/2025-09-20_19-44-45.jpg\" class=\"attachment-full size-full\" alt=\"\" title=\"\">\t\t\t\t<\/div>\n\t\t\t\t<div class=\"wd-el-video-control color-scheme-light wd-fill\">\n\t\t\t\t\t<span class=\"wd-el-video-play-btn\"><\/span>\n\t\t\t\t\t\t\t\t\t<\/div>\n\n\t\t\t\t<a class=\"wd-el-video-link wd-el-video-btn-overlay wd-fill wd-el-video-hosted\" href=\"#6a033cf7b8217\"><\/a>\n\t\t\t\t\t<\/div>\n\t\t\t\t\t\t<\/div>\n\t\t\t\t<\/div>\n\t\t\t\t<div class=\"elementor-element elementor-element-5fcf642 wd-width-100 elementor-widget elementor-widget-wd_title\" data-id=\"5fcf642\" data-element_type=\"widget\" data-widget_type=\"wd_title.default\">\n\t\t\t\t<div class=\"elementor-widget-container\">\n\t\t\t\t\t\t\t<div class=\"title-wrapper set-mb-s reset-last-child wd-title-color-default wd-title-style-default wd-title-size-default text-left\">\n\n\t\t\t\n\t\t\t<div class=\"liner-continer\">\n\t\t\t\t<h4 class=\"woodmart-title-container title wd-fontsize-l\">Echa un vistazo a nuestra exposici\u00f3n<\/h4> \n\t\t\t\t\t\t\t<\/div>\n\n\t\t\t\t\t<\/div>\n\t\t\t\t\t\t<\/div>\n\t\t\t\t<\/div>\n\t\t\t\t<\/div>\n\t\t\t\t\t<\/div>\n\t\t\t\t<\/div>\n\t\t\t\t<\/div>\n\t\t","protected":false},"excerpt":{"rendered":"<p>Unas palabras sobre DETON Innovaci\u00f3n en ingenier\u00eda Excelencia en la fabricaci\u00f3n Como fabricante con amplia experiencia en sensores para veh\u00edculos<\/p>\n","protected":false},"author":9,"featured_media":0,"parent":0,"menu_order":0,"comment_status":"closed","ping_status":"closed","template":"","meta":{"footnotes":""},"class_list":["post-37338","page","type-page","status-publish","hentry"],"_links":{"self":[{"href":"https:\/\/deton-spareparts.com\/es\/wp-json\/wp\/v2\/pages\/37338","targetHints":{"allow":["GET"]}}],"collection":[{"href":"https:\/\/deton-spareparts.com\/es\/wp-json\/wp\/v2\/pages"}],"about":[{"href":"https:\/\/deton-spareparts.com\/es\/wp-json\/wp\/v2\/types\/page"}],"author":[{"embeddable":true,"href":"https:\/\/deton-spareparts.com\/es\/wp-json\/wp\/v2\/users\/9"}],"replies":[{"embeddable":true,"href":"https:\/\/deton-spareparts.com\/es\/wp-json\/wp\/v2\/comments?post=37338"}],"version-history":[{"count":3,"href":"https:\/\/deton-spareparts.com\/es\/wp-json\/wp\/v2\/pages\/37338\/revisions"}],"predecessor-version":[{"id":37924,"href":"https:\/\/deton-spareparts.com\/es\/wp-json\/wp\/v2\/pages\/37338\/revisions\/37924"}],"wp:attachment":[{"href":"https:\/\/deton-spareparts.com\/es\/wp-json\/wp\/v2\/media?parent=37338"}],"curies":[{"name":"wp","href":"https:\/\/api.w.org\/{rel}","templated":true}]}}